{"id":739,"date":"2023-01-16T22:55:40","date_gmt":"2023-01-16T21:55:40","guid":{"rendered":"https:\/\/dev.soutezpianoforte.cz\/?page_id=739"},"modified":"2024-02-09T14:37:07","modified_gmt":"2024-02-09T13:37:07","slug":"kontakty","status":"publish","type":"page","link":"https:\/\/soutezpianoforte.cz\/en\/kontakty\/","title":{"rendered":"Contacts"},"content":{"rendered":"<div data-elementor-type=\"wp-page\" data-elementor-id=\"739\" class=\"elementor elementor-739\">\n\t\t\t\t\t\t\t\t\t<section class=\"elementor-section elementor-top-section elementor-element elementor-element-fd857a2 elementor-section-boxed elementor-section-height-default elementor-section-height-default\" data-id=\"fd857a2\" data-element_type=\"section\" data-settings=\"{&quot;background_background&quot;:&quot;classic&quot;}\">\n\t\t\t\t\t\t\t<div class=\"elementor-background-overlay\"><\/div>\n\t\t\t\t\t\t\t<div class=\"elementor-container elementor-column-gap-default\">\n\t\t\t\t\t<div class=\"elementor-column elementor-col-100 elementor-top-column elementor-element elementor-element-539d53d\" data-id=\"539d53d\" data-element_type=\"column\">\n\t\t\t<div class=\"elementor-widget-wrap elementor-element-populated\">\n\t\t\t\t\t\t\t\t<div class=\"elementor-element elementor-element-3c00872 elementor-widget elementor-widget-heading\" data-id=\"3c00872\" data-element_type=\"widget\" data-widget_type=\"heading.default\">\n\t\t\t\t<div class=\"elementor-widget-container\">\n\t\t\t<style>\/*! elementor - v3.12.2 - 23-04-2023 *\/\n.elementor-heading-title{padding:0;margin:0;line-height:1}.elementor-widget-heading .elementor-heading-title[class*=elementor-size-]>a{color:inherit;font-size:inherit;line-height:inherit}.elementor-widget-heading .elementor-heading-title.elementor-size-small{font-size:15px}.elementor-widget-heading .elementor-heading-title.elementor-size-medium{font-size:19px}.elementor-widget-heading .elementor-heading-title.elementor-size-large{font-size:29px}.elementor-widget-heading .elementor-heading-title.elementor-size-xl{font-size:39px}.elementor-widget-heading .elementor-heading-title.elementor-size-xxl{font-size:59px}<\/style><h2 class=\"elementor-heading-title elementor-size-default\">Pianoforte Association\n<\/h2>\t\t<\/div>\n\t\t\t\t<\/div>\n\t\t\t\t\t<\/div>\n\t\t<\/div>\n\t\t\t\t\t\t\t<\/div>\n\t\t<\/section>\n\t\t\t\t<section class=\"elementor-section elementor-top-section elementor-element elementor-element-b91f70f elementor-section-boxed elementor-section-height-default elementor-section-height-default\" data-id=\"b91f70f\" data-element_type=\"section\" data-settings=\"{&quot;background_background&quot;:&quot;classic&quot;}\">\n\t\t\t\t\t\t<div class=\"elementor-container elementor-column-gap-default\">\n\t\t\t\t\t<div class=\"elementor-column elementor-col-100 elementor-top-column elementor-element elementor-element-c5238a9\" data-id=\"c5238a9\" data-element_type=\"column\">\n\t\t\t<div class=\"elementor-widget-wrap elementor-element-populated\">\n\t\t\t\t\t\t\t\t<div class=\"elementor-element elementor-element-12b40ad elementor-widget elementor-widget-heading\" data-id=\"12b40ad\" data-element_type=\"widget\" data-widget_type=\"heading.default\">\n\t\t\t\t<div class=\"elementor-widget-container\">\n\t\t\t<h2 class=\"elementor-heading-title elementor-size-default\">About us<\/h2>\t\t<\/div>\n\t\t\t\t<\/div>\n\t\t\t\t\t<\/div>\n\t\t<\/div>\n\t\t\t\t\t\t\t<\/div>\n\t\t<\/section>\n\t\t\t\t<section class=\"elementor-section elementor-top-section elementor-element elementor-element-b3e11c5 elementor-section-boxed elementor-section-height-default elementor-section-height-default\" data-id=\"b3e11c5\" data-element_type=\"section\">\n\t\t\t\t\t\t<div class=\"elementor-container elementor-column-gap-default\">\n\t\t\t\t\t<div class=\"elementor-column elementor-col-100 elementor-top-column elementor-element elementor-element-b4bbd15\" data-id=\"b4bbd15\" data-element_type=\"column\">\n\t\t\t<div class=\"elementor-widget-wrap elementor-element-populated\">\n\t\t\t\t\t\t\t\t<div class=\"elementor-element elementor-element-d77d08a elementor-widget elementor-widget-text-editor\" data-id=\"d77d08a\" data-element_type=\"widget\" data-widget_type=\"text-editor.default\">\n\t\t\t\t<div class=\"elementor-widget-container\">\n\t\t\t<style>\/*! elementor - v3.12.2 - 23-04-2023 *\/\n.elementor-widget-text-editor.elementor-drop-cap-view-stacked .elementor-drop-cap{background-color:#69727d;color:#fff}.elementor-widget-text-editor.elementor-drop-cap-view-framed .elementor-drop-cap{color:#69727d;border:3px solid;background-color:transparent}.elementor-widget-text-editor:not(.elementor-drop-cap-view-default) .elementor-drop-cap{margin-top:8px}.elementor-widget-text-editor:not(.elementor-drop-cap-view-default) .elementor-drop-cap-letter{width:1em;height:1em}.elementor-widget-text-editor .elementor-drop-cap{float:left;text-align:center;line-height:1;font-size:50px}.elementor-widget-text-editor .elementor-drop-cap-letter{display:inline-block}<\/style>\t\t\t\t<p class=\"CDt4Ke zfr3Q\" dir=\"ltr\">PIANOFORTE PER TUTTI was founded to organize and financially support the Pianoforte per tutti or Piano for All competition. Another aim of the association is to support artistically gifted children.<\/p>\n<p class=\"CDt4Ke zfr3Q\" dir=\"ltr\">Headquarters of the association - billing address: 465 Sedlnice, postcode 742 56<\/p>\n<p class=\"CDt4Ke zfr3Q\" dir=\"ltr\">CIN: 05586194<\/p>\n<p class=\"CDt4Ke zfr3Q\" dir=\"ltr\">Contact<\/p>\n<p class=\"CDt4Ke zfr3Q\" dir=\"ltr\">email: soutezpianoforte@seznam.cz<\/p>\n<p class=\"CDt4Ke zfr3Q\" dir=\"ltr\">account number: 115-3731810297\/0100<\/p>\t\t\t\t\t\t<\/div>\n\t\t\t\t<\/div>\n\t\t\t\t\t<\/div>\n\t\t<\/div>\n\t\t\t\t\t\t\t<\/div>\n\t\t<\/section>\n\t\t\t\t<section class=\"elementor-section elementor-top-section elementor-element elementor-element-8cc278c elementor-section-boxed elementor-section-height-default elementor-section-height-default\" data-id=\"8cc278c\" data-element_type=\"section\" id=\"sponzori\">\n\t\t\t\t\t\t<div class=\"elementor-container elementor-column-gap-default\">\n\t\t\t\t\t<div class=\"elementor-column elementor-col-100 elementor-top-column elementor-element elementor-element-9614a04\" data-id=\"9614a04\" data-element_type=\"column\">\n\t\t\t<div class=\"elementor-widget-wrap elementor-element-populated\">\n\t\t\t\t\t\t\t\t<div class=\"elementor-element elementor-element-5b327fd elementor-hidden-desktop elementor-hidden-tablet elementor-hidden-mobile elementor-widget elementor-widget-text-editor\" data-id=\"5b327fd\" data-element_type=\"widget\" data-widget_type=\"text-editor.default\">\n\t\t\t\t<div class=\"elementor-widget-container\">\n\t\t\t\t\t\t\t<p>\ud83d\udd17z\u00e1lo\u017eka<\/p>\t\t\t\t\t\t<\/div>\n\t\t\t\t<\/div>\n\t\t\t\t\t<\/div>\n\t\t<\/div>\n\t\t\t\t\t\t\t<\/div>\n\t\t<\/section>\n\t\t\t\t<section class=\"elementor-section elementor-top-section elementor-element elementor-element-c434258 elementor-section-boxed elementor-section-height-default elementor-section-height-default\" data-id=\"c434258\" data-element_type=\"section\" data-settings=\"{&quot;background_background&quot;:&quot;classic&quot;}\">\n\t\t\t\t\t\t<div class=\"elementor-container elementor-column-gap-default\">\n\t\t\t\t\t<div class=\"elementor-column elementor-col-100 elementor-top-column elementor-element elementor-element-98584f3\" data-id=\"98584f3\" data-element_type=\"column\">\n\t\t\t<div class=\"elementor-widget-wrap elementor-element-populated\">\n\t\t\t\t\t\t\t\t<div class=\"elementor-element elementor-element-408b1a3 elementor-widget elementor-widget-heading\" data-id=\"408b1a3\" data-element_type=\"widget\" data-widget_type=\"heading.default\">\n\t\t\t\t<div class=\"elementor-widget-container\">\n\t\t\t<h2 class=\"elementor-heading-title elementor-size-default\">Sponsoring<\/h2>\t\t<\/div>\n\t\t\t\t<\/div>\n\t\t\t\t\t<\/div>\n\t\t<\/div>\n\t\t\t\t\t\t\t<\/div>\n\t\t<\/section>\n\t\t\t\t<section class=\"elementor-section elementor-top-section elementor-element elementor-element-64d7f92 elementor-section-boxed elementor-section-height-default elementor-section-height-default\" data-id=\"64d7f92\" data-element_type=\"section\">\n\t\t\t\t\t\t<div class=\"elementor-container elementor-column-gap-default\">\n\t\t\t\t\t<div class=\"elementor-column elementor-col-100 elementor-top-column elementor-element elementor-element-cd68add\" data-id=\"cd68add\" data-element_type=\"column\">\n\t\t\t<div class=\"elementor-widget-wrap elementor-element-populated\">\n\t\t\t\t\t\t\t\t<div class=\"elementor-element elementor-element-c312bbd elementor-widget elementor-widget-text-editor\" data-id=\"c312bbd\" data-element_type=\"widget\" data-widget_type=\"text-editor.default\">\n\t\t\t\t<div class=\"elementor-widget-container\">\n\t\t\t\t\t\t\t<p class=\"CDt4Ke zfr3Q\" dir=\"ltr\">We are looking for sponsors to support the competition show. Donations can be financial or in-kind. The sponsor can be a natural or legal person. We will draw up a donation agreement with each sponsor. The sponsorship donation will be used primarily for gifts for the participants of the competition show.<\/p>\n<p class=\"CDt4Ke zfr3Q\" dir=\"ltr\">We offer sponsor presentations:<\/p>\n<p class=\"CDt4Ke zfr3Q\" dir=\"ltr\">\u2013 on the posters of the competition show<\/p>\n<p class=\"CDt4Ke zfr3Q\" dir=\"ltr\">\u2013 in the catalogue of the competition<\/p>\n<p class=\"CDt4Ke zfr3Q\" dir=\"ltr\">\u2013 on the website of the competition<\/p>\n<p class=\"CDt4Ke zfr3Q\" dir=\"ltr\">Please contact the director of the competition show Mgr. BcA. Lenka Ru\u010dkov\u00e1.<\/p>\n<p class=\"CDt4Ke zfr3Q\" dir=\"ltr\">phone.: 732340796,<\/p>\n<p class=\"CDt4Ke zfr3Q\" dir=\"ltr\">email: soutezpianoforte@seznam.cz<\/p>\t\t\t\t\t\t<\/div>\n\t\t\t\t<\/div>\n\t\t\t\t\t<\/div>\n\t\t<\/div>\n\t\t\t\t\t\t\t<\/div>\n\t\t<\/section>\n\t\t\t\t<section class=\"elementor-section elementor-top-section elementor-element elementor-element-06541d4 elementor-section-boxed elementor-section-height-default elementor-section-height-default\" data-id=\"06541d4\" data-element_type=\"section\" id=\"kontakt\">\n\t\t\t\t\t\t<div class=\"elementor-container elementor-column-gap-default\">\n\t\t\t\t\t<div class=\"elementor-column elementor-col-100 elementor-top-column elementor-element elementor-element-ac7e26a\" data-id=\"ac7e26a\" data-element_type=\"column\">\n\t\t\t<div class=\"elementor-widget-wrap elementor-element-populated\">\n\t\t\t\t\t\t\t\t<div class=\"elementor-element elementor-element-40cce9d elementor-hidden-desktop elementor-hidden-tablet elementor-hidden-mobile elementor-widget elementor-widget-text-editor\" data-id=\"40cce9d\" data-element_type=\"widget\" data-widget_type=\"text-editor.default\">\n\t\t\t\t<div class=\"elementor-widget-container\">\n\t\t\t\t\t\t\t<p>\ud83d\udd17z\u00e1lo\u017eka<\/p>\t\t\t\t\t\t<\/div>\n\t\t\t\t<\/div>\n\t\t\t\t\t<\/div>\n\t\t<\/div>\n\t\t\t\t\t\t\t<\/div>\n\t\t<\/section>\n\t\t\t\t<section class=\"elementor-section elementor-top-section elementor-element elementor-element-c480d56 elementor-section-boxed elementor-section-height-default elementor-section-height-default\" data-id=\"c480d56\" data-element_type=\"section\" data-settings=\"{&quot;background_background&quot;:&quot;classic&quot;}\">\n\t\t\t\t\t\t<div class=\"elementor-container elementor-column-gap-default\">\n\t\t\t\t\t<div class=\"elementor-column elementor-col-100 elementor-top-column elementor-element elementor-element-ed2da73\" data-id=\"ed2da73\" data-element_type=\"column\">\n\t\t\t<div class=\"elementor-widget-wrap elementor-element-populated\">\n\t\t\t\t\t\t\t\t<div class=\"elementor-element elementor-element-aab3a10 elementor-widget elementor-widget-heading\" data-id=\"aab3a10\" data-element_type=\"widget\" data-widget_type=\"heading.default\">\n\t\t\t\t<div class=\"elementor-widget-container\">\n\t\t\t<h2 class=\"elementor-heading-title elementor-size-default\">Contact details<\/h2>\t\t<\/div>\n\t\t\t\t<\/div>\n\t\t\t\t\t<\/div>\n\t\t<\/div>\n\t\t\t\t\t\t\t<\/div>\n\t\t<\/section>\n\t\t\t\t<section class=\"elementor-section elementor-top-section elementor-element elementor-element-df94aa8 elementor-section-boxed elementor-section-height-default elementor-section-height-default\" data-id=\"df94aa8\" data-element_type=\"section\">\n\t\t\t\t\t\t<div class=\"elementor-container elementor-column-gap-default\">\n\t\t\t\t\t<div class=\"elementor-column elementor-col-100 elementor-top-column elementor-element elementor-element-42486d5\" data-id=\"42486d5\" data-element_type=\"column\">\n\t\t\t<div class=\"elementor-widget-wrap elementor-element-populated\">\n\t\t\t\t\t\t\t\t<div class=\"elementor-element elementor-element-71b845a elementor-widget elementor-widget-text-editor\" data-id=\"71b845a\" data-element_type=\"widget\" data-widget_type=\"text-editor.default\">\n\t\t\t\t<div class=\"elementor-widget-container\">\n\t\t\t\t\t\t\t<p class=\"CDt4Ke zfr3Q\" dir=\"ltr\"><b>Organizer of the competition:<\/b><\/p>\n<p class=\"CDt4Ke zfr3Q\" dir=\"ltr\">SPOLEK PIANOFORTE PER TUTTI ve spolupr\u00e1ci se ZU\u0160 P\u0159\u00edbor.<\/p>\n<p class=\"CDt4Ke zfr3Q\" dir=\"ltr\"><b>Information about the competition:<\/b><\/p>\n<p class=\"CDt4Ke zfr3Q\" dir=\"ltr\">Mgr. BcA. Lenka Ru\u010dkov\u00e1 - director of the competition,<\/p>\n<p class=\"CDt4Ke zfr3Q\" dir=\"ltr\">phone: 732 340 796<\/p>\n<p class=\"CDt4Ke zfr3Q\" dir=\"ltr\">During the competition, please call 602572983<\/p>\n<p class=\"CDt4Ke zfr3Q\" dir=\"ltr\">email: <span class=\"aw5Odc\"><a class=\"XqQF9c\" href=\"mailto:soutezpianoforte@seznam.cz\" target=\"_blank\" rel=\"noopener\">soutezpianoforte@seznam.cz<\/a><\/span><\/p>\n<p class=\"CDt4Ke zfr3Q\" dir=\"ltr\"><b>Venue of the competition:<\/b><\/p>\n<p class=\"CDt4Ke zfr3Q\" dir=\"ltr\">Z\u00e1kladn\u00ed um\u011bleck\u00e1 \u0161kola P\u0159\u00edbor, Lidick\u00e1 50.<\/p>\t\t\t\t\t\t<\/div>\n\t\t\t\t<\/div>\n\t\t\t\t\t<\/div>\n\t\t<\/div>\n\t\t\t\t\t\t\t<\/div>\n\t\t<\/section>\n\t\t\t\t\t\t\t<\/div>","protected":false},"excerpt":{"rendered":"<p>Spolek Pianoforte Z\u00e1kladn\u00ed informace SPOLEK PIANOFORTE PER TUTTI byl zalo\u017een za \u00fa\u010delem organizace a finan\u010dn\u00ed podpory sout\u011b\u017en\u00ed p\u0159ehl\u00eddky Pianoforte per tutti aneb [&hellip;]<\/p>","protected":false},"author":1,"featured_media":0,"parent":0,"menu_order":0,"comment_status":"closed","ping_status":"closed","template":"page-templates\/page_front-page.php","meta":{"_themeisle_gutenberg_block_has_review":false,"footnotes":""},"class_list":["post-739","page","type-page","status-publish","hentry"],"acf":[],"yoast_head":"<!-- This site is optimized with the Yoast SEO plugin v20.5 - https:\/\/yoast.com\/wordpress\/plugins\/seo\/ -->\n<title>Kontakty - Pianoforte per tutti<\/title>\n<meta name=\"robots\" content=\"index, follow, max-snippet:-1, max-image-preview:large, max-video-preview:-1\" \/>\n<link rel=\"canonical\" href=\"https:\/\/soutezpianoforte.cz\/en\/kontakty\/\" \/>\n<meta property=\"og:locale\" content=\"en_US\" \/>\n<meta property=\"og:type\" content=\"article\" \/>\n<meta property=\"og:title\" content=\"Kontakty - Pianoforte per tutti\" \/>\n<meta property=\"og:description\" content=\"Spolek Pianoforte Z\u00e1kladn\u00ed informace SPOLEK PIANOFORTE PER TUTTI byl zalo\u017een za \u00fa\u010delem organizace a finan\u010dn\u00ed podpory sout\u011b\u017en\u00ed p\u0159ehl\u00eddky Pianoforte per tutti aneb [&hellip;]\" \/>\n<meta property=\"og:url\" content=\"https:\/\/soutezpianoforte.cz\/en\/kontakty\/\" \/>\n<meta property=\"og:site_name\" content=\"Pianoforte per tutti\" \/>\n<meta property=\"article:modified_time\" content=\"2024-02-09T13:37:07+00:00\" \/>\n<meta name=\"twitter:card\" content=\"summary_large_image\" \/>\n<meta name=\"twitter:label1\" content=\"Est. reading time\" \/>\n\t<meta name=\"twitter:data1\" content=\"1 minute\" \/>\n<script type=\"application\/ld+json\" class=\"yoast-schema-graph\">{\"@context\":\"https:\/\/schema.org\",\"@graph\":[{\"@type\":\"WebPage\",\"@id\":\"https:\/\/soutezpianoforte.cz\/kontakty\/\",\"url\":\"https:\/\/soutezpianoforte.cz\/kontakty\/\",\"name\":\"Kontakty - Pianoforte per tutti\",\"isPartOf\":{\"@id\":\"https:\/\/soutezpianoforte.cz\/#website\"},\"datePublished\":\"2023-01-16T21:55:40+00:00\",\"dateModified\":\"2024-02-09T13:37:07+00:00\",\"breadcrumb\":{\"@id\":\"https:\/\/soutezpianoforte.cz\/kontakty\/#breadcrumb\"},\"inLanguage\":\"en-US\",\"potentialAction\":[{\"@type\":\"ReadAction\",\"target\":[\"https:\/\/soutezpianoforte.cz\/kontakty\/\"]}]},{\"@type\":\"BreadcrumbList\",\"@id\":\"https:\/\/soutezpianoforte.cz\/kontakty\/#breadcrumb\",\"itemListElement\":[{\"@type\":\"ListItem\",\"position\":1,\"name\":\"Dom\u016f\",\"item\":\"https:\/\/soutezpianoforte.cz\/\"},{\"@type\":\"ListItem\",\"position\":2,\"name\":\"Kontakty\"}]},{\"@type\":\"WebSite\",\"@id\":\"https:\/\/soutezpianoforte.cz\/#website\",\"url\":\"https:\/\/soutezpianoforte.cz\/\",\"name\":\"Pianoforte per tutti\",\"description\":\"aneb klav\u00edr pro v\u0161echny\",\"publisher\":{\"@id\":\"https:\/\/soutezpianoforte.cz\/#organization\"},\"potentialAction\":[{\"@type\":\"SearchAction\",\"target\":{\"@type\":\"EntryPoint\",\"urlTemplate\":\"https:\/\/soutezpianoforte.cz\/?s={search_term_string}\"},\"query-input\":\"required name=search_term_string\"}],\"inLanguage\":\"en-US\"},{\"@type\":\"Organization\",\"@id\":\"https:\/\/soutezpianoforte.cz\/#organization\",\"name\":\"SPOLEK PIANOFORTE PER TUTTI\",\"alternateName\":\"PIANOFORTE PER TUTTI\",\"url\":\"https:\/\/soutezpianoforte.cz\/\",\"logo\":{\"@type\":\"ImageObject\",\"inLanguage\":\"en-US\",\"@id\":\"https:\/\/soutezpianoforte.cz\/#\/schema\/logo\/image\/\",\"url\":\"https:\/\/soutezpianoforte.cz\/wp-content\/uploads\/2023\/02\/spf_logo-e1675871130707.png\",\"contentUrl\":\"https:\/\/soutezpianoforte.cz\/wp-content\/uploads\/2023\/02\/spf_logo-e1675871130707.png\",\"width\":156,\"height\":200,\"caption\":\"SPOLEK PIANOFORTE PER TUTTI\"},\"image\":{\"@id\":\"https:\/\/soutezpianoforte.cz\/#\/schema\/logo\/image\/\"}}]}<\/script>\n<!-- \/ Yoast SEO plugin. -->","yoast_head_json":{"title":"Kontakty - Pianoforte per tutti","robots":{"index":"index","follow":"follow","max-snippet":"max-snippet:-1","max-image-preview":"max-image-preview:large","max-video-preview":"max-video-preview:-1"},"canonical":"https:\/\/soutezpianoforte.cz\/en\/kontakty\/","og_locale":"en_US","og_type":"article","og_title":"Kontakty - Pianoforte per tutti","og_description":"Spolek Pianoforte Z\u00e1kladn\u00ed informace SPOLEK PIANOFORTE PER TUTTI byl zalo\u017een za \u00fa\u010delem organizace a finan\u010dn\u00ed podpory sout\u011b\u017en\u00ed p\u0159ehl\u00eddky Pianoforte per tutti aneb [&hellip;]","og_url":"https:\/\/soutezpianoforte.cz\/en\/kontakty\/","og_site_name":"Pianoforte per tutti","article_modified_time":"2024-02-09T13:37:07+00:00","twitter_card":"summary_large_image","twitter_misc":{"Est. reading time":"1 minute"},"schema":{"@context":"https:\/\/schema.org","@graph":[{"@type":"WebPage","@id":"https:\/\/soutezpianoforte.cz\/kontakty\/","url":"https:\/\/soutezpianoforte.cz\/kontakty\/","name":"Kontakty - Pianoforte per tutti","isPartOf":{"@id":"https:\/\/soutezpianoforte.cz\/#website"},"datePublished":"2023-01-16T21:55:40+00:00","dateModified":"2024-02-09T13:37:07+00:00","breadcrumb":{"@id":"https:\/\/soutezpianoforte.cz\/kontakty\/#breadcrumb"},"inLanguage":"en-US","potentialAction":[{"@type":"ReadAction","target":["https:\/\/soutezpianoforte.cz\/kontakty\/"]}]},{"@type":"BreadcrumbList","@id":"https:\/\/soutezpianoforte.cz\/kontakty\/#breadcrumb","itemListElement":[{"@type":"ListItem","position":1,"name":"Dom\u016f","item":"https:\/\/soutezpianoforte.cz\/"},{"@type":"ListItem","position":2,"name":"Kontakty"}]},{"@type":"WebSite","@id":"https:\/\/soutezpianoforte.cz\/#website","url":"https:\/\/soutezpianoforte.cz\/","name":"Pianoforte per tutti","description":"aneb klav\u00edr pro v\u0161echny","publisher":{"@id":"https:\/\/soutezpianoforte.cz\/#organization"},"potentialAction":[{"@type":"SearchAction","target":{"@type":"EntryPoint","urlTemplate":"https:\/\/soutezpianoforte.cz\/?s={search_term_string}"},"query-input":"required name=search_term_string"}],"inLanguage":"en-US"},{"@type":"Organization","@id":"https:\/\/soutezpianoforte.cz\/#organization","name":"SPOLEK PIANOFORTE PER TUTTI","alternateName":"PIANOFORTE PER TUTTI","url":"https:\/\/soutezpianoforte.cz\/","logo":{"@type":"ImageObject","inLanguage":"en-US","@id":"https:\/\/soutezpianoforte.cz\/#\/schema\/logo\/image\/","url":"https:\/\/soutezpianoforte.cz\/wp-content\/uploads\/2023\/02\/spf_logo-e1675871130707.png","contentUrl":"https:\/\/soutezpianoforte.cz\/wp-content\/uploads\/2023\/02\/spf_logo-e1675871130707.png","width":156,"height":200,"caption":"SPOLEK PIANOFORTE PER TUTTI"},"image":{"@id":"https:\/\/soutezpianoforte.cz\/#\/schema\/logo\/image\/"}}]}},"_links":{"self":[{"href":"https:\/\/soutezpianoforte.cz\/en\/wp-json\/wp\/v2\/pages\/739","targetHints":{"allow":["GET"]}}],"collection":[{"href":"https:\/\/soutezpianoforte.cz\/en\/wp-json\/wp\/v2\/pages"}],"about":[{"href":"https:\/\/soutezpianoforte.cz\/en\/wp-json\/wp\/v2\/types\/page"}],"author":[{"embeddable":true,"href":"https:\/\/soutezpianoforte.cz\/en\/wp-json\/wp\/v2\/users\/1"}],"replies":[{"embeddable":true,"href":"https:\/\/soutezpianoforte.cz\/en\/wp-json\/wp\/v2\/comments?post=739"}],"version-history":[{"count":34,"href":"https:\/\/soutezpianoforte.cz\/en\/wp-json\/wp\/v2\/pages\/739\/revisions"}],"predecessor-version":[{"id":50557,"href":"https:\/\/soutezpianoforte.cz\/en\/wp-json\/wp\/v2\/pages\/739\/revisions\/50557"}],"wp:attachment":[{"href":"https:\/\/soutezpianoforte.cz\/en\/wp-json\/wp\/v2\/media?parent=739"}],"curies":[{"name":"wp","href":"https:\/\/api.w.org\/{rel}","templated":true}]}}